{"id":386,"date":"2023-04-26T11:16:00","date_gmt":"2023-04-26T08:16:00","guid":{"rendered":"https:\/\/www.fundatiaoasis.org\/hu\/?page_id=386"},"modified":"2024-06-25T13:52:01","modified_gmt":"2024-06-25T10:52:01","slug":"legyel-az-onkentesunk","status":"publish","type":"page","link":"https:\/\/www.fundatiaoasis.org\/hu\/index.php\/legyel-az-onkentesunk\/","title":{"rendered":"Legy\u00e9l az \u00f6nk\u00e9ntes\u00fcnk!"},"content":{"rendered":"<h4>2022 &#8211; ben a Marosv\u00e1s\u00e1rhelyi Bod P\u00e9ter Asszisztensk\u00e9pz\u0151 F\u0151iskola I. \u00e9ves di\u00e1kjai v\u00e1llaltak\u00a0feladatokat az alap\u00edtv\u00e1ny programjaiban<\/h4>\n","protected":false},"excerpt":{"rendered":"<p>2022 &#8211; ben a Marosv\u00e1s\u00e1rhelyi Bod P\u00e9ter Asszisztensk\u00e9pz\u0151 F\u0151iskola I. \u00e9ves di\u00e1kjai v\u00e1llaltak\u00a0feladatokat az alap\u00edtv\u00e1ny programjaiban<\/p>\n","protected":false},"author":4,"featured_media":716,"parent":0,"menu_order":0,"comment_status":"closed","ping_status":"closed","template":"","meta":{"footnotes":""},"class_list":["post-386","page","type-page","status-publish","has-post-thumbnail","hentry"],"_links":{"self":[{"href":"https:\/\/www.fundatiaoasis.org\/hu\/index.php\/wp-json\/wp\/v2\/pages\/386","targetHints":{"allow":["GET"]}}],"collection":[{"href":"https:\/\/www.fundatiaoasis.org\/hu\/index.php\/wp-json\/wp\/v2\/pages"}],"about":[{"href":"https:\/\/www.fundatiaoasis.org\/hu\/index.php\/wp-json\/wp\/v2\/types\/page"}],"author":[{"embeddable":true,"href":"https:\/\/www.fundatiaoasis.org\/hu\/index.php\/wp-json\/wp\/v2\/users\/4"}],"replies":[{"embeddable":true,"href":"https:\/\/www.fundatiaoasis.org\/hu\/index.php\/wp-json\/wp\/v2\/comments?post=386"}],"version-history":[{"count":8,"href":"https:\/\/www.fundatiaoasis.org\/hu\/index.php\/wp-json\/wp\/v2\/pages\/386\/revisions"}],"predecessor-version":[{"id":873,"href":"https:\/\/www.fundatiaoasis.org\/hu\/index.php\/wp-json\/wp\/v2\/pages\/386\/revisions\/873"}],"wp:featuredmedia":[{"embeddable":true,"href":"https:\/\/www.fundatiaoasis.org\/hu\/index.php\/wp-json\/wp\/v2\/media\/716"}],"wp:attachment":[{"href":"https:\/\/www.fundatiaoasis.org\/hu\/index.php\/wp-json\/wp\/v2\/media?parent=386"}],"curies":[{"name":"wp","href":"https:\/\/api.w.org\/{rel}","templated":true}]}}